{"id":1824,"date":"2026-01-18T15:10:15","date_gmt":"2026-01-18T14:10:15","guid":{"rendered":"https:\/\/apexigolf.com\/algemene-verkoopvoorwaarden-avv\/"},"modified":"2026-01-18T22:03:53","modified_gmt":"2026-01-18T21:03:53","slug":"algemene-voorwaarden","status":"publish","type":"page","link":"https:\/\/apexigolf.com\/nl\/algemene-voorwaarden\/","title":{"rendered":"Algemene verkoopvoorwaarden (AVV)"},"content":{"rendered":"\n<h1 class=\"wp-block-heading\">Algemene verkoopvoorwaarden (AVV)<\/h1>\n\n<p>Laatst bijgewerkt op: <strong>januari 2026<\/strong><\/p>\n\n<p>Deze Algemene Verkoopvoorwaarden (hierna de &#8220;AV&#8221;) regelen de contractuele relatie tussen :<\/p>\n\n<p><strong>APEX BELGIUM<\/strong><br\/>Handelsnaam: <strong>APEX iGolf<\/strong><br\/>Ondernemingsnummer \/ BTW: <strong>BE 1030.720.218<\/strong><br\/>Adres: Rue Johannes Kepler 3, B10, 1357 H\u00e9l\u00e9cine, Belgi\u00eb<br\/>Telefoon: +32 471 98 90 86<br\/>E-mail: <a>info@apexigolf.com<\/a><\/p>\n\n<p>(hierna &#8220;APEX iGolf&#8221;)<\/p>\n\n<p>en elke natuurlijke of rechtspersoon die een reservering, aankoop of abonnement wil doen (hierna de &#8220;Klant&#8221;).<\/p>\n\n<hr class=\"wp-block-separator has-alpha-channel-opacity\"\/>\n\n<h2 class=\"wp-block-heading\">Artikel 1 &#8211; Doel<\/h2>\n\n<p>Het doel van deze algemene voorwaarden is het vastleggen van de voorwaarden die van toepassing zijn op :<\/p>\n\n<ul class=\"wp-block-list\">\n<li><strong>indoor golfsessies<\/strong> boeken<\/li>\n\n\n\n<li>toegang tot de <strong>coworking<\/strong> space<\/li>\n\n\n\n<li><strong>abonnementen<\/strong> afsluiten<\/li>\n\n\n\n<li>deelname aan <strong>evenementen, afterworks en privatiseringen<\/strong><\/li>\n\n\n\n<li>elke dienst aangeboden door APEX iGolf<\/li>\n<\/ul>\n\n<hr class=\"wp-block-separator has-alpha-channel-opacity\"\/>\n\n<h2 class=\"wp-block-heading\">Artikel 2 &#8211; Aanvaarding van de algemene voorwaarden<\/h2>\n\n<p>Elke reservering, bestelling of inschrijving impliceert de<strong>volledige en onvoorwaardelijke aanvaarding van<\/strong> deze AGV door de Klant.<\/p>\n\n<p>De Algemene Verkoopvoorwaarden hebben voorrang op elk ander document, behalve met de voorafgaande schriftelijke toestemming van APEX iGolf.<\/p>\n\n<hr class=\"wp-block-separator has-alpha-channel-opacity\"\/>\n\n<h2 class=\"wp-block-heading\">Artikel 3 &#8211; Aangeboden diensten<\/h2>\n\n<h3 class=\"wp-block-heading\">3.1 Indoor golf<\/h3>\n\n<p>APEX iGolf biedt <strong>indoor golfsessies op simulators van topklasse<\/strong>, toegankelijk :<\/p>\n\n<ul class=\"wp-block-list\">\n<li>per sessie<\/li>\n\n\n\n<li>via formules<\/li>\n\n\n\n<li>als onderdeel van abonnementen<\/li>\n\n\n\n<li>voor evenementen of priv\u00e9feesten<\/li>\n<\/ul>\n\n<p>Sessies zijn <strong>boekbaar<\/strong>, afhankelijk van beschikbaarheid.<\/p>\n\n<hr class=\"wp-block-separator has-alpha-channel-opacity\"\/>\n\n<h3 class=\"wp-block-heading\">3.2 Coworking<\/h3>\n\n<p>APEX iGolf biedt een <strong>flexibele coworkingruimte<\/strong>, ge\u00efntegreerd in het indoor golfconcept.<\/p>\n\n<h4 class=\"wp-block-heading\">Tarieven coworking<\/h4>\n\n<ul class=\"wp-block-list\">\n<li><strong>25 \u20ac \/ uur &#8211; 1 persoon<\/strong><\/li>\n\n\n\n<li><strong>40 \u20ac \/ uur &#8211; 2 personen<\/strong><\/li>\n\n\n\n<li><strong>45 \u20ac \/ uur &#8211; 3 personen<\/strong><\/li>\n\n\n\n<li><strong>48 \u20ac \/ uur &#8211; 4 personen<\/strong><\/li>\n<\/ul>\n\n<p>Toegang is inclusief:<\/p>\n\n<ul class=\"wp-block-list\">\n<li>Wi-Fi-verbinding<\/li>\n\n\n\n<li>een rustige, gestructureerde ruimte<\/li>\n\n\n\n<li>toegang tot de faciliteiten in het gekozen pakket<\/li>\n<\/ul>\n\n<hr class=\"wp-block-separator has-alpha-channel-opacity\"\/>\n\n<h3 class=\"wp-block-heading\">3.3 Coworking lidmaatschappen<\/h3>\n\n<p>APEX iGolf biedt de volgende abonnementen aan:<\/p>\n\n<ul class=\"wp-block-list\">\n<li><strong>Maandabonnement: \u20ac79 incl. btw<\/strong><\/li>\n\n\n\n<li><strong>Jaarabonnement: \u20ac900 inc.<\/strong><\/li>\n<\/ul>\n\n<p>De abonnementen omvatten :<\/p>\n\n<ul class=\"wp-block-list\">\n<li><strong>onbeperkte toegang tot de coworking space<\/strong> tijdens openingstijden<\/li>\n\n\n\n<li><strong>tot 3 x 2 uur indoor golfsessies per week<\/strong>, inbegrepen<\/li>\n<\/ul>\n\n<p>\u26a0\ufe0f Elke bijkomende sessie of inbreuk op de opgenomen voorwaarden kan aanleiding geven tot bijkomende facturatie volgens de geldende tarieven.<\/p>\n\n<hr class=\"wp-block-separator has-alpha-channel-opacity\"\/>\n\n<h3 class=\"wp-block-heading\">3.4 Gecombineerde aanbiedingen, evenementen en privatiseringen<\/h3>\n\n<p>APEX iGolf biedt ook :<\/p>\n\n<ul class=\"wp-block-list\">\n<li><strong>gecombineerde indoor golf + coworking pakketten<\/strong><\/li>\n\n\n\n<li><strong>priv\u00e9- of professionele evenementen<\/strong><\/li>\n\n\n\n<li><strong>gedeeltelijke of volledige privatisering van<\/strong> de ruimte<\/li>\n<\/ul>\n\n<p>Specifieke voorwaarden (prijzen, duur, aanbetaling, annulering) zijn beschikbaar op aanvraag of op het moment van boeking.<\/p>\n\n<hr class=\"wp-block-separator has-alpha-channel-opacity\"\/>\n\n<h2 class=\"wp-block-heading\">Artikel 4 &#8211; Reserveringen<\/h2>\n\n<p>Reserveren kan :<\/p>\n\n<ul class=\"wp-block-list\">\n<li>via de website<\/li>\n\n\n\n<li>per e-mail<\/li>\n\n\n\n<li>per telefoon<\/li>\n<\/ul>\n\n<p>Een reservering wordt als <strong>definitief<\/strong> beschouwd zodra deze is bevestigd door APEX iGolf.<\/p>\n\n<p>APEX iGolf behoudt zich het recht voor om een reservering te weigeren om legitieme redenen of als er geen beschikbaarheid is.<\/p>\n\n<hr class=\"wp-block-separator has-alpha-channel-opacity\"\/>\n\n<h2 class=\"wp-block-heading\">Artikel 5 &#8211; Prijzen<\/h2>\n\n<p>Alle prijzen worden weergegeven in <strong>euro&#8217;s (\u20ac)<\/strong> en <strong>zijn inclusief btw<\/strong>, tenzij anders vermeld.<\/p>\n\n<p>Het toepasselijke tarief is het tarief dat van kracht is :<\/p>\n\n<ul class=\"wp-block-list\">\n<li>op het moment van boeking<\/li>\n\n\n\n<li>of bevestiging van de dienst<\/li>\n<\/ul>\n\n<p>APEX iGolf behoudt zich het recht voor om haar prijzen te allen tijde te wijzigen, zonder terugwerkende kracht.<\/p>\n\n<hr class=\"wp-block-separator has-alpha-channel-opacity\"\/>\n\n<h2 class=\"wp-block-heading\">Artikel 6 &#8211; Betaling<\/h2>\n\n<p>Betaling kan worden gedaan door :<\/p>\n\n<ul class=\"wp-block-list\">\n<li>betaling ter plaatse<\/li>\n\n\n\n<li>bankoverschrijving<\/li>\n\n\n\n<li>elektronische betaling<\/li>\n<\/ul>\n\n<p>Tenzij anders vermeld, moet de betaling <strong>voor of op het moment van de service<\/strong> worden voldaan.<\/p>\n\n<hr class=\"wp-block-separator has-alpha-channel-opacity\"\/>\n\n<h2 class=\"wp-block-heading\">Artikel 7 &#8211; Abonnementen<\/h2>\n\n<h3 class=\"wp-block-heading\">7.1 Algemene voorwaarden<\/h3>\n\n<p>Abonnementen zijn :<\/p>\n\n<ul class=\"wp-block-list\">\n<li><strong>strikt persoonlijk<\/strong><\/li>\n\n\n\n<li><strong>niet-overdraagbaar<\/strong><\/li>\n\n\n\n<li><strong>niet-overdraagbaar<\/strong><\/li>\n<\/ul>\n\n<p>Ze zijn alleen geldig voor de abonnee.<\/p>\n\n<hr class=\"wp-block-separator has-alpha-channel-opacity\"\/>\n\n<h3 class=\"wp-block-heading\">7.2 Gebruiksbeperkingen<\/h3>\n\n<p>Het abonnement geeft je recht op :<\/p>\n\n<ul class=\"wp-block-list\">\n<li>onbeperkte toegang tot coworking<\/li>\n\n\n\n<li><strong>tot 3 x 2 uur indoor golfsessies per week<\/strong><\/li>\n<\/ul>\n\n<p>Misbruik of overmatig gebruik kan leiden tot schorsing of be\u00ebindiging <strong>zonder restitutie<\/strong>.<\/p>\n\n<hr class=\"wp-block-separator has-alpha-channel-opacity\"\/>\n\n<h3 class=\"wp-block-heading\">7.3 Be\u00ebindiging van het contract<\/h3>\n\n<ul class=\"wp-block-list\">\n<li>Het maandabonnement kan worden opgezegd met <strong>een opzegtermijn van \u00e9\u00e9n maand<\/strong><\/li>\n\n\n\n<li>De jaarlijkse contributie wordt afgesloten voor <strong>bepaalde tijd<\/strong>, tenzij schriftelijk anders is overeengekomen.<\/li>\n<\/ul>\n\n<hr class=\"wp-block-separator has-alpha-channel-opacity\"\/>\n\n<h2 class=\"wp-block-heading\">Artikel 8 &#8211; Annulering en wijziging<\/h2>\n\n<h3 class=\"wp-block-heading\">8.1 Door de Klant<\/h3>\n\n<p>Annuleringen of wijzigingen moeten zo snel mogelijk worden doorgegeven.<\/p>\n\n<p>Behalve specifieke voorwaarden :<\/p>\n\n<ul class=\"wp-block-list\">\n<li>diensten die niet op tijd zijn geannuleerd, kunnen in rekening worden gebracht<\/li>\n\n\n\n<li>bij late annulering is geen restitutie gegarandeerd<\/li>\n<\/ul>\n\n<hr class=\"wp-block-separator has-alpha-channel-opacity\"\/>\n\n<h3 class=\"wp-block-heading\">8.2 Door APEX iGolf<\/h3>\n\n<p>APEX iGolf behoudt zich het recht voor om een dienst te annuleren of uit te stellen in geval van overmacht of uitzonderlijke omstandigheden.<br\/>Een oplossing van uitstel of terugbetaling zal worden voorgesteld.<\/p>\n\n<hr class=\"wp-block-separator has-alpha-channel-opacity\"\/>\n\n<h2 class=\"wp-block-heading\">Artikel 9 &#8211; Huisregels en gedrag<\/h2>\n\n<p>De Klant verbindt zich ertoe om :<\/p>\n\n<ul class=\"wp-block-list\">\n<li>het terrein, de apparatuur en andere gebruikers respecteren<\/li>\n\n\n\n<li>neem een respectvolle houding aan<\/li>\n\n\n\n<li>volg de veiligheidsinstructies<\/li>\n<\/ul>\n\n<p>APEX iGolf behoudt zich het recht voor om de toegang te weigeren aan of een persoon uit te sluiten wiens gedrag ongepast is, zonder restitutie.<\/p>\n\n<hr class=\"wp-block-separator has-alpha-channel-opacity\"\/>\n\n<h2 class=\"wp-block-heading\">Artikel 10 &#8211; Aansprakelijkheid<\/h2>\n\n<p>APEX iGolf kan niet verantwoordelijk worden gehouden:<\/p>\n\n<ul class=\"wp-block-list\">\n<li>schade als gevolg van ongepast gebruik van de faciliteiten<\/li>\n\n\n\n<li>verlies of diefstal van persoonlijke bezittingen<\/li>\n\n\n\n<li>tijdelijke onderbrekingen van diensten<\/li>\n<\/ul>\n\n<p>De aansprakelijkheid van APEX iGolf is beperkt tot de verplichte wettelijke verplichtingen.<\/p>\n\n<hr class=\"wp-block-separator has-alpha-channel-opacity\"\/>\n\n<h2 class=\"wp-block-heading\">Artikel 11 &#8211; Persoonsgegevens<\/h2>\n\n<p>Persoonlijke gegevens worden verwerkt in overeenstemming met de <strong>RGPD<\/strong> en de Belgische wetgeving.<\/p>\n\n<p>Meer informatie over hoe dit in zijn werk gaat, vindt u op de pagina <strong>Privacybeleid<\/strong>.<\/p>\n\n<hr class=\"wp-block-separator has-alpha-channel-opacity\"\/>\n\n<h2 class=\"wp-block-heading\">Artikel 12 &#8211; Overmacht<\/h2>\n\n<p>APEX iGolf kan niet verantwoordelijk worden gehouden in het geval van niet-nakoming als gevolg van een geval van overmacht (pech, brand, administratieve beslissing, staking, etc.).<\/p>\n\n<hr class=\"wp-block-separator has-alpha-channel-opacity\"\/>\n\n<h2 class=\"wp-block-heading\">Artikel 13 &#8211; Toepasselijk recht en bevoegde rechtbank<\/h2>\n\n<p>Op deze AV is <strong>Belgisch recht<\/strong> van toepassing.<\/p>\n\n<p>Elk geschil valt onder de bevoegdheid van de rechtbanken in het gebied van de maatschappelijke zetel van <strong>APEX BELGIUM<\/strong>, tenzij anders bepaald door dwingend recht.<\/p>\n\n<hr class=\"wp-block-separator has-alpha-channel-opacity\"\/>\n\n<h2 class=\"wp-block-heading\">Artikel 14 &#8211; Contact<\/h2>\n\n<p>Voor vragen over deze GTS:<\/p>\n\n<p>info@apexigolf.com<br\/>+32 471 98 90 86<\/p>\n\n<p><\/p>\n","protected":false},"excerpt":{"rendered":"<p>Algemene verkoopvoorwaarden (AVV) Laatst bijgewerkt op: januari 2026 Deze Algemene Verkoopvoorwaarden (hierna de &#8220;AV&#8221;) regelen de contractuele relatie tussen : APEX BELGIUMHandelsnaam: APEX iGolfOndernemingsnummer \/ BTW: BE 1030.720.218Adres: Rue Johannes Kepler 3, B10, 1357 H\u00e9l\u00e9cine, Belgi\u00ebTelefoon: +32 471 98 90 86E-mail: info@apexigolf.com (hierna &#8220;APEX iGolf&#8221;) en elke natuurlijke of rechtspersoon die een reservering, aankoop of [&hellip;]<\/p>\n","protected":false},"author":4,"featured_media":0,"parent":0,"menu_order":0,"comment_status":"closed","ping_status":"closed","template":"","meta":{"site-sidebar-layout":"default","site-content-layout":"","ast-site-content-layout":"default","site-content-style":"default","site-sidebar-style":"default","ast-global-header-display":"","ast-banner-title-visibility":"","ast-main-header-display":"","ast-hfb-above-header-display":"","ast-hfb-below-header-display":"","ast-hfb-mobile-header-display":"","site-post-title":"disabled","ast-breadcrumbs-content":"","ast-featured-img":"","footer-sml-layout":"","ast-disable-related-posts":"","theme-transparent-header-meta":"","adv-header-id-meta":"","stick-header-meta":"","header-above-stick-meta":"","header-main-stick-meta":"","header-below-stick-meta":"","astra-migrate-meta-layouts":"default","ast-page-background-enabled":"default","ast-page-background-meta":{"desktop":{"background-color":"","background-image":"","background-repeat":"repeat","background-position":"center center","background-size":"auto","background-attachment":"scroll","background-type":"","background-media":"","overlay-type":"","overlay-color":"","overlay-opacity":"","overlay-gradient":""},"tablet":{"background-color":"","background-image":"","background-repeat":"repeat","background-position":"center center","background-size":"auto","background-attachment":"scroll","background-type":"","background-media":"","overlay-type":"","overlay-color":"","overlay-opacity":"","overlay-gradient":""},"mobile":{"background-color":"","background-image":"","background-repeat":"repeat","background-position":"center center","background-size":"auto","background-attachment":"scroll","background-type":"","background-media":"","overlay-type":"","overlay-color":"","overlay-opacity":"","overlay-gradient":""}},"ast-content-background-meta":{"desktop":{"background-color":"var(--ast-global-color-5)","background-image":"","background-repeat":"repeat","background-position":"center center","background-size":"auto","background-attachment":"scroll","background-type":"","background-media":"","overlay-type":"","overlay-color":"","overlay-opacity":"","overlay-gradient":""},"tablet":{"background-color":"var(--ast-global-color-5)","background-image":"","background-repeat":"repeat","background-position":"center center","background-size":"auto","background-attachment":"scroll","background-type":"","background-media":"","overlay-type":"","overlay-color":"","overlay-opacity":"","overlay-gradient":""},"mobile":{"background-color":"var(--ast-global-color-5)","background-image":"","background-repeat":"repeat","background-position":"center center","background-size":"auto","background-attachment":"scroll","background-type":"","background-media":"","overlay-type":"","overlay-color":"","overlay-opacity":"","overlay-gradient":""}},"footnotes":""},"class_list":["post-1824","page","type-page","status-publish","hentry"],"_links":{"self":[{"href":"https:\/\/apexigolf.com\/nl\/wp-json\/wp\/v2\/pages\/1824","targetHints":{"allow":["GET"]}}],"collection":[{"href":"https:\/\/apexigolf.com\/nl\/wp-json\/wp\/v2\/pages"}],"about":[{"href":"https:\/\/apexigolf.com\/nl\/wp-json\/wp\/v2\/types\/page"}],"author":[{"embeddable":true,"href":"https:\/\/apexigolf.com\/nl\/wp-json\/wp\/v2\/users\/4"}],"replies":[{"embeddable":true,"href":"https:\/\/apexigolf.com\/nl\/wp-json\/wp\/v2\/comments?post=1824"}],"version-history":[{"count":1,"href":"https:\/\/apexigolf.com\/nl\/wp-json\/wp\/v2\/pages\/1824\/revisions"}],"predecessor-version":[{"id":1825,"href":"https:\/\/apexigolf.com\/nl\/wp-json\/wp\/v2\/pages\/1824\/revisions\/1825"}],"wp:attachment":[{"href":"https:\/\/apexigolf.com\/nl\/wp-json\/wp\/v2\/media?parent=1824"}],"curies":[{"name":"wp","href":"https:\/\/api.w.org\/{rel}","templated":true}]}}